{"id":3923,"date":"2023-01-26T15:05:42","date_gmt":"2023-01-26T15:05:42","guid":{"rendered":"http:\/\/www.reklamehealth.com\/recomendar-a-un-paciente\/"},"modified":"2025-11-26T21:37:01","modified_gmt":"2025-11-26T21:37:01","slug":"recomendar-a-un-paciente","status":"publish","type":"page","link":"https:\/\/www.reklamehealth.com\/es\/recomendar-a-un-paciente\/","title":{"rendered":"Recomendar a un paciente"},"content":{"rendered":"<p><div class=\"fusion-fullwidth fullwidth-box fusion-builder-row-1 fusion-flex-container has-pattern-background has-mask-background nonhundred-percent-fullwidth non-hundred-percent-height-scrolling\" style=\"--awb-background-position:right top;--awb-border-radius-top-left:0px;--awb-border-radius-top-right:0px;--awb-border-radius-bottom-right:0px;--awb-border-radius-bottom-left:0px;--awb-padding-top:.5em;--awb-padding-bottom:3em;--awb-flex-wrap:wrap;\" ><div class=\"fusion-builder-row fusion-row fusion-flex-align-items-center fusion-flex-align-content-center fusion-flex-justify-content-space-between fusion-flex-content-wrap\" style=\"max-width:calc( 1200px + 0px );margin-left: calc(-0px \/ 2 );margin-right: calc(-0px \/ 2 );\"><div class=\"fusion-layout-column fusion_builder_column fusion-builder-column-0 fusion_builder_column_3_5 3_5 fusion-flex-column\" style=\"--awb-bg-size:cover;--awb-width-large:60%;--awb-margin-top-large:0px;--awb-spacing-right-large:0px;--awb-margin-bottom-large:20px;--awb-spacing-left-large:0px;--awb-width-medium:60%;--awb-order-medium:0;--awb-spacing-right-medium:0px;--awb-spacing-left-medium:0px;--awb-width-small:100%;--awb-order-small:0;--awb-spacing-right-small:0px;--awb-spacing-left-small:0px;\"><div class=\"fusion-column-wrapper fusion-column-has-shadow fusion-flex-justify-content-flex-start fusion-content-layout-column\"><div class=\"fusion-title title fusion-title-1 fusion-sep-none fusion-title-text fusion-title-size-two\" style=\"--awb-margin-bottom:0px;--awb-font-size:55px;\"><h2 class=\"fusion-title-heading title-heading-left fusion-responsive-typography-calculated\" style=\"margin:0;font-size:1em;--fontSize:55;line-height:1.4;\">Recomiende a un paciente a <br class=\"desktop-only\">ReKlame Health<\/h2><\/div><div class=\"fusion-text fusion-text-1 highlighted-refer\" style=\"--awb-font-size:25px;--awb-line-height:33px;--awb-text-color:var(--awb-color7);--awb-margin-left:15px;--awb-text-font-family:&quot;Proxima Nova Black&quot;;--awb-text-font-style:normal;--awb-text-font-weight:400;\"><p>Si su paciente necesita atenci\u00f3n psiqui\u00e1trica y gesti\u00f3n de medicaci\u00f3n, podemos ayudarle. <strong>Actualmente atendemos a miembros en NY, NJ y FL.<\/strong> Complete el siguiente formulario para recomendar a su paciente y nos pondremos en contacto con \u00e9l en un plazo de 24 horas.<\/p>\n<p>Si prefiere enviarnos la recomendaci\u00f3n por fax, <a href=\"http:\/\/www.reklamehealth.com\/wp-content\/uploads\/2025\/07\/2025-Referral-Form-ReKlame-Health-A4.pdf\" download=\"\">descargue este formulario<\/a> para envi\u00e1rnoslo directamente por fax.<\/p>\n<\/div><div ><a class=\"fusion-button button-flat fusion-button-default-size button-default fusion-button-default button-1 fusion-button-default-span fusion-button-default-type\" style=\"--button_margin-top:1em;--button_margin-left:15px;\" target=\"_self\" href=\"https:\/\/intakeq.com\/new\/p8spas\/2f4gcj\"><span class=\"fusion-button-text awb-button__text awb-button__text--default\">Recomendar a un paciente<\/span><\/a><\/div><\/div><\/div><div class=\"fusion-layout-column fusion_builder_column fusion-builder-column-1 fusion_builder_column_1_3 1_3 fusion-flex-column\" style=\"--awb-bg-size:cover;--awb-width-large:33.333333333333%;--awb-margin-top-large:0px;--awb-spacing-right-large:0px;--awb-margin-bottom-large:20px;--awb-spacing-left-large:0px;--awb-width-medium:33.333333333333%;--awb-order-medium:0;--awb-spacing-right-medium:0px;--awb-spacing-left-medium:0px;--awb-width-small:100%;--awb-order-small:0;--awb-spacing-right-small:0px;--awb-spacing-left-small:0px;\"><div class=\"fusion-column-wrapper fusion-column-has-shadow fusion-flex-justify-content-flex-start fusion-content-layout-column\"><div class=\"fusion-image-element \" style=\"text-align:center;--awb-caption-title-font-family:var(--h2_typography-font-family);--awb-caption-title-font-weight:var(--h2_typography-font-weight);--awb-caption-title-font-style:var(--h2_typography-font-style);--awb-caption-title-size:var(--h2_typography-font-size);--awb-caption-title-transform:var(--h2_typography-text-transform);--awb-caption-title-line-height:var(--h2_typography-line-height);--awb-caption-title-letter-spacing:var(--h2_typography-letter-spacing);\"><span class=\" fusion-imageframe imageframe-none imageframe-1 hover-type-none\"><a href=\"https:\/\/www.reklamehealth.com\/wp-content\/uploads\/2023\/08\/refer-patient-reklame-health.jpg\" class=\"fusion-lightbox\" data-rel=\"iLightbox[beefb0113132dd1c161]\" data-title=\"referir-paciente-reklame-health\" title=\"referir-paciente-reklame-health\"><img decoding=\"async\" width=\"805\" height=\"638\" src=\"https:\/\/www.reklamehealth.com\/wp-content\/uploads\/2023\/08\/refer-patient-reklame-health.jpg\" alt class=\"img-responsive wp-image-3931\" srcset=\"https:\/\/www.reklamehealth.com\/wp-content\/uploads\/2023\/08\/refer-patient-reklame-health-200x159.jpg 200w, https:\/\/www.reklamehealth.com\/wp-content\/uploads\/2023\/08\/refer-patient-reklame-health-400x317.jpg 400w, https:\/\/www.reklamehealth.com\/wp-content\/uploads\/2023\/08\/refer-patient-reklame-health-600x476.jpg 600w, https:\/\/www.reklamehealth.com\/wp-content\/uploads\/2023\/08\/refer-patient-reklame-health-800x634.jpg 800w, https:\/\/www.reklamehealth.com\/wp-content\/uploads\/2023\/08\/refer-patient-reklame-health.jpg 805w\" sizes=\"(max-width: 650px) 100vw, 600px\" \/><\/a><\/span><\/div><\/div><\/div><\/div><\/div><div class=\"fusion-fullwidth fullwidth-box fusion-builder-row-2 fusion-flex-container has-pattern-background has-mask-background nonhundred-percent-fullwidth non-hundred-percent-height-scrolling coloured-list\" style=\"--awb-border-radius-top-left:0px;--awb-border-radius-top-right:0px;--awb-border-radius-bottom-right:0px;--awb-border-radius-bottom-left:0px;--awb-padding-top:3em;--awb-padding-bottom:3.3em;--awb-background-color:var(--awb-color7);--awb-flex-wrap:wrap;\" ><div class=\"fusion-builder-row fusion-row fusion-flex-align-items-flex-start fusion-flex-justify-content-center fusion-flex-content-wrap\" style=\"max-width:1248px;margin-left: calc(-4% \/ 2 );margin-right: calc(-4% \/ 2 );\"><div class=\"fusion-layout-column fusion_builder_column fusion-builder-column-2 fusion_builder_column_3_4 3_4 fusion-flex-column\" style=\"--awb-bg-size:cover;--awb-width-large:75%;--awb-margin-top-large:0px;--awb-spacing-right-large:2.56%;--awb-margin-bottom-large:20px;--awb-spacing-left-large:2.56%;--awb-width-medium:75%;--awb-order-medium:0;--awb-spacing-right-medium:2.56%;--awb-spacing-left-medium:2.56%;--awb-width-small:100%;--awb-order-small:0;--awb-spacing-right-small:1.92%;--awb-spacing-left-small:1.92%;\"><div class=\"fusion-column-wrapper fusion-column-has-shadow fusion-flex-justify-content-flex-start fusion-content-layout-column\"><div class=\"fusion-title title fusion-title-2 fusion-sep-none fusion-title-center fusion-title-text fusion-title-size-three\" style=\"--awb-text-color:var(--awb-color1);--awb-margin-bottom:0px;--awb-font-size:40px;\"><h3 class=\"fusion-title-heading title-heading-center fusion-responsive-typography-calculated\" style=\"margin:0;font-size:1em;--fontSize:40;line-height:1.3;\">A qui\u00e9n y qu\u00e9 tratamos<\/h3><\/div><div class=\"fusion-text fusion-text-2\" style=\"--awb-font-size:23px;--awb-text-color:var(--awb-color1);--awb-text-font-family:&quot;Sora&quot;;--awb-text-font-style:normal;--awb-text-font-weight:700;\"><p style=\"text-align: center;\">ReKlame Health ofrece atenci\u00f3n psiqui\u00e1trica virtual y gesti\u00f3n de medicaci\u00f3n a adultos y adolescentes de 13 a\u00f1os en adelante.<\/p>\n<p style=\"text-align: center;\">Ofrecemos apoyo para las siguientes afecciones:<\/p>\n<\/div><\/div><\/div><div class=\"fusion-layout-column fusion_builder_column fusion-builder-column-3 fusion_builder_column_1_3 1_3 fusion-flex-column\" style=\"--awb-padding-bottom:0px;--awb-bg-size:cover;--awb-width-large:33.333333333333%;--awb-margin-top-large:0px;--awb-spacing-right-large:5.76%;--awb-margin-bottom-large:0px;--awb-spacing-left-large:5.76%;--awb-width-medium:33.333333333333%;--awb-order-medium:0;--awb-spacing-right-medium:5.76%;--awb-spacing-left-medium:5.76%;--awb-width-small:100%;--awb-order-small:0;--awb-spacing-right-small:1.92%;--awb-spacing-left-small:1.92%;\" data-scroll-devices=\"small-visibility,medium-visibility,large-visibility\"><div class=\"fusion-column-wrapper fusion-column-has-shadow fusion-flex-justify-content-flex-start fusion-content-layout-column\"><div class=\"fusion-text fusion-text-3 fusion-text-no-margin\"><ul style=\"margin-bottom: 0;\">\n<li>Trastorno de ansiedad generalizada<\/li>\n<li>Trastorno depresivo mayor<\/li>\n<li>Trastorno de p\u00e1nico<\/li>\n<li>Trastorno por consumo de alcohol<\/li>\n<li>Trastorno por consumo de opioides<\/li>\n<li>Fobia<\/li>\n<\/ul>\n<\/div><\/div><\/div><div class=\"fusion-layout-column fusion_builder_column fusion-builder-column-4 fusion_builder_column_1_3 1_3 fusion-flex-column\" style=\"--awb-padding-top:0px;--awb-padding-bottom:0px;--awb-bg-size:cover;--awb-width-large:33.333333333333%;--awb-margin-top-large:0px;--awb-spacing-right-large:5.76%;--awb-margin-bottom-large:0px;--awb-spacing-left-large:5.76%;--awb-width-medium:33.333333333333%;--awb-order-medium:0;--awb-spacing-right-medium:5.76%;--awb-spacing-left-medium:5.76%;--awb-width-small:100%;--awb-order-small:0;--awb-spacing-right-small:1.92%;--awb-spacing-left-small:1.92%;\" data-scroll-devices=\"small-visibility,medium-visibility,large-visibility\"><div class=\"fusion-column-wrapper fusion-column-has-shadow fusion-flex-justify-content-flex-start fusion-content-layout-column\"><div class=\"fusion-text fusion-text-4 fusion-text-no-margin\"><ul style=\"margin-bottom: 0;\">\n<li>Trastorno de ansiedad social<\/li>\n<li>Trastorno obsesivo-compulsivo (TOC)<\/li>\n<li>Trastorno de estr\u00e9s postraum\u00e1tico (TEPT)<\/li>\n<li>Trastorno afectivo estacional (TAE)<\/li>\n<li>Depresi\u00f3n posparto<\/li>\n<li>Trastorno disf\u00f3rico premenstrual (TDPM)<\/li>\n<\/ul>\n<\/div><\/div><\/div><div class=\"fusion-layout-column fusion_builder_column fusion-builder-column-5 fusion_builder_column_1_3 1_3 fusion-flex-column\" style=\"--awb-padding-bottom:0px;--awb-bg-size:cover;--awb-width-large:33.333333333333%;--awb-margin-top-large:0px;--awb-spacing-right-large:5.76%;--awb-margin-bottom-large:0px;--awb-spacing-left-large:5.76%;--awb-width-medium:33.333333333333%;--awb-order-medium:0;--awb-spacing-right-medium:5.76%;--awb-spacing-left-medium:5.76%;--awb-width-small:100%;--awb-order-small:0;--awb-spacing-right-small:1.92%;--awb-spacing-left-small:1.92%;\" data-scroll-devices=\"small-visibility,medium-visibility,large-visibility\"><div class=\"fusion-column-wrapper fusion-column-has-shadow fusion-flex-justify-content-flex-start fusion-content-layout-column\"><div class=\"fusion-text fusion-text-5 fusion-text-no-margin\"><ul style=\"margin-bottom: 0;\">\n<li>Insomnio<\/li>\n<li>Trastorno bipolar<\/li>\n<li>TDAH<\/li>\n<li>Adicci\u00f3n<\/li>\n<\/ul>\n<\/div><\/div><\/div><\/div><\/div><\/p>\n","protected":false},"excerpt":{"rendered":"","protected":false},"author":1,"featured_media":0,"parent":0,"menu_order":0,"comment_status":"closed","ping_status":"closed","template":"100-width.php","meta":{"_acf_changed":false,"content-type":"","footnotes":""},"class_list":["post-3923","page","type-page","status-publish","hentry"],"acf":[],"aioseo_notices":[],"_links":{"self":[{"href":"https:\/\/www.reklamehealth.com\/es\/wp-json\/wp\/v2\/pages\/3923","targetHints":{"allow":["GET"]}}],"collection":[{"href":"https:\/\/www.reklamehealth.com\/es\/wp-json\/wp\/v2\/pages"}],"about":[{"href":"https:\/\/www.reklamehealth.com\/es\/wp-json\/wp\/v2\/types\/page"}],"author":[{"embeddable":true,"href":"https:\/\/www.reklamehealth.com\/es\/wp-json\/wp\/v2\/users\/1"}],"replies":[{"embeddable":true,"href":"https:\/\/www.reklamehealth.com\/es\/wp-json\/wp\/v2\/comments?post=3923"}],"version-history":[{"count":9,"href":"https:\/\/www.reklamehealth.com\/es\/wp-json\/wp\/v2\/pages\/3923\/revisions"}],"predecessor-version":[{"id":3946,"href":"https:\/\/www.reklamehealth.com\/es\/wp-json\/wp\/v2\/pages\/3923\/revisions\/3946"}],"wp:attachment":[{"href":"https:\/\/www.reklamehealth.com\/es\/wp-json\/wp\/v2\/media?parent=3923"}],"curies":[{"name":"wp","href":"https:\/\/api.w.org\/{rel}","templated":true}]}}