{"id":4024,"date":"2023-08-24T23:46:17","date_gmt":"2023-08-24T23:46:17","guid":{"rendered":"http:\/\/www.reklamehealth.com\/precios-y-seguro\/"},"modified":"2025-11-26T22:12:35","modified_gmt":"2025-11-26T22:12:35","slug":"precios-y-seguro","status":"publish","type":"page","link":"https:\/\/www.reklamehealth.com\/es\/precios-y-seguro\/","title":{"rendered":"Precios y seguro"},"content":{"rendered":"<p><div class=\"fusion-fullwidth fullwidth-box fusion-builder-row-1 fusion-flex-container has-pattern-background has-mask-background fusion-parallax-none nonhundred-percent-fullwidth non-hundred-percent-height-scrolling landing-hero\" style=\"--awb-background-position:center bottom;--awb-border-radius-top-left:0px;--awb-border-radius-top-right:0px;--awb-border-radius-bottom-right:0px;--awb-border-radius-bottom-left:0px;--awb-padding-top:3em;--awb-padding-bottom:8.5em;--awb-background-image:url(&quot;http:\/\/www.reklamehealth.com\/wp-content\/uploads\/2023\/08\/pricing-mobile2023.jpg&quot;);--awb-background-size:cover;--awb-flex-wrap:wrap;\" data-preload-img=\"http:\/\/www.reklamehealth.com\/wp-content\/uploads\/2023\/08\/pricing-mobile2023.jpg\" id=\"price-aug\" ><div class=\"fusion-builder-row fusion-row fusion-flex-align-items-center fusion-flex-align-content-center fusion-flex-content-wrap\" style=\"max-width:calc( 1200px + 0px );margin-left: calc(-0px \/ 2 );margin-right: calc(-0px \/ 2 );\"><div class=\"fusion-layout-column fusion_builder_column fusion-builder-column-0 fusion_builder_column_3_4 3_4 fusion-flex-column\" style=\"--awb-bg-size:cover;--awb-width-large:75%;--awb-margin-top-large:0px;--awb-spacing-right-large:0px;--awb-margin-bottom-large:20px;--awb-spacing-left-large:0px;--awb-width-medium:75%;--awb-order-medium:0;--awb-spacing-right-medium:0px;--awb-spacing-left-medium:0px;--awb-width-small:100%;--awb-order-small:0;--awb-spacing-right-small:0px;--awb-spacing-left-small:0px;\"><div class=\"fusion-column-wrapper fusion-column-has-shadow fusion-flex-justify-content-flex-start fusion-content-layout-column\"><div class=\"fusion-title title fusion-title-1 fusion-sep-none fusion-title-text fusion-title-size-one\" style=\"--awb-font-size:35px;\"><h1 class=\"fusion-title-heading title-heading-left fusion-responsive-typography-calculated\" style=\"margin:0;font-size:1em;--fontSize:35;line-height:1.2;\">Creemos que la atenci\u00f3n psiqui\u00e1trica debe ser accesible y asequible.<\/h1><\/div><div class=\"fusion-title title fusion-title-2 fusion-sep-none fusion-title-text fusion-title-size-three linked-h3\" style=\"--awb-text-color:#36454f;--awb-margin-top:0px;--awb-margin-right:20%;--awb-font-size:17px;\"><h3 class=\"fusion-title-heading title-heading-left fusion-responsive-typography-calculated\" style=\"margin:0;font-size:1em;--fontSize:17;--minFontSize:17;line-height:1.3;\"><h3>Las citas virtuales con ReKlame Health cuestan menos que una cita psiqui\u00e1trica t\u00edpica o, dependiendo de su seguro, simplemente el coste de su copago.<\/h3>\n<h3>\u00bfNo est\u00e1 seguro de lo que pagar\u00e1? Hable en directo con nuestro equipo de atenci\u00f3n a trav\u00e9s del sitio web, ll\u00e1menos al <a href=\"tel:7187904511\">718-790-4511<\/a> o env\u00edenos un correo electr\u00f3nico directamente a <a href=\"mailto:hello@reklamehealth.com\">hello@reklamehealth.com<\/a> para comprobar su elegibilidad de forma gratuita antes de reservar. <\/h3><\/h3><\/div><div ><a class=\"fusion-button button-flat fusion-button-default-size button-default fusion-button-default button-1 fusion-button-default-span fusion-button-default-type\" style=\"--button_margin-top:1em;\" target=\"_self\" href=\"mailto:hello@reklamehealth.com\"><span class=\"fusion-button-text awb-button__text awb-button__text--default\">Compruebe su elegibilidad<\/span><\/a><\/div><\/div><\/div><\/div><\/div><div class=\"fusion-fullwidth fullwidth-box fusion-builder-row-2 fusion-flex-container has-pattern-background has-mask-background hundred-percent-fullwidth non-hundred-percent-height-scrolling\" style=\"--awb-border-radius-top-left:0px;--awb-border-radius-top-right:0px;--awb-border-radius-bottom-right:0px;--awb-border-radius-bottom-left:0px;--awb-padding-top:0px;--awb-padding-bottom:0px;--awb-margin-top:0px;--awb-margin-bottom:0px;--awb-flex-wrap:wrap;\" ><div class=\"fusion-builder-row fusion-row fusion-flex-align-items-center fusion-flex-justify-content-space-between fusion-flex-content-wrap\" style=\"width:104% !important;max-width:104% !important;margin-left: calc(-4% \/ 2 );margin-right: calc(-4% \/ 2 );\"><div class=\"fusion-layout-column fusion_builder_column fusion-builder-column-1 fusion-flex-column\" style=\"--awb-padding-top-small:20px;--awb-padding-bottom-small:0px;--awb-bg-size:cover;--awb-width-large:10%;--awb-margin-top-large:0px;--awb-spacing-right-large:0%;--awb-margin-bottom-large:0px;--awb-spacing-left-large:19.2%;--awb-width-medium:10%;--awb-order-medium:0;--awb-spacing-right-medium:0%;--awb-spacing-left-medium:19.2%;--awb-width-small:100%;--awb-order-small:0;--awb-spacing-right-small:1.92%;--awb-margin-bottom-small:0;--awb-spacing-left-small:1.92%;\" data-scroll-devices=\"small-visibility,medium-visibility,large-visibility\"><div class=\"fusion-column-wrapper fusion-column-has-shadow fusion-flex-justify-content-flex-start fusion-content-layout-column\"><div class=\"fusion-text fusion-text-1 sm-text-align-left\" style=\"--awb-content-alignment:center;--awb-text-transform:none;\"><p>We\u00a0 accept:<\/p>\n<\/div><\/div><\/div><div class=\"fusion-layout-column fusion_builder_column fusion-builder-column-2 fusion_builder_column_5_6 5_6 fusion-flex-column\" style=\"--awb-bg-size:cover;--awb-width-large:83.333333333333%;--awb-margin-top-large:0px;--awb-spacing-right-large:2.0736%;--awb-margin-bottom-large:0px;--awb-spacing-left-large:0.2304%;--awb-width-medium:83.333333333333%;--awb-order-medium:0;--awb-spacing-right-medium:2.0736%;--awb-spacing-left-medium:0.2304%;--awb-width-small:100%;--awb-order-small:0;--awb-spacing-right-small:1.92%;--awb-margin-bottom-small:20px;--awb-spacing-left-small:1.92%;\" data-scroll-devices=\"small-visibility,medium-visibility,large-visibility\"><div class=\"fusion-column-wrapper fusion-column-has-shadow fusion-flex-justify-content-flex-start fusion-content-layout-column\"><div class=\"fusion-image-element \" style=\"--awb-caption-title-font-family:var(--h2_typography-font-family);--awb-caption-title-font-weight:var(--h2_typography-font-weight);--awb-caption-title-font-style:var(--h2_typography-font-style);--awb-caption-title-size:var(--h2_typography-font-size);--awb-caption-title-transform:var(--h2_typography-text-transform);--awb-caption-title-line-height:var(--h2_typography-line-height);--awb-caption-title-letter-spacing:var(--h2_typography-letter-spacing);\"><span class=\" fusion-imageframe imageframe-none imageframe-1 hover-type-none\"><img decoding=\"async\" width=\"2142\" height=\"892\" title=\"reklame-insurance-logos\" src=\"https:\/\/www.reklamehealth.com\/wp-content\/uploads\/2026\/02\/reklame-insurance-logos.webp\" alt class=\"img-responsive wp-image-4550\" srcset=\"https:\/\/www.reklamehealth.com\/wp-content\/uploads\/2026\/02\/reklame-insurance-logos-200x83.webp 200w, https:\/\/www.reklamehealth.com\/wp-content\/uploads\/2026\/02\/reklame-insurance-logos-400x167.webp 400w, https:\/\/www.reklamehealth.com\/wp-content\/uploads\/2026\/02\/reklame-insurance-logos-600x250.webp 600w, https:\/\/www.reklamehealth.com\/wp-content\/uploads\/2026\/02\/reklame-insurance-logos-800x333.webp 800w, https:\/\/www.reklamehealth.com\/wp-content\/uploads\/2026\/02\/reklame-insurance-logos-1200x500.webp 1200w, https:\/\/www.reklamehealth.com\/wp-content\/uploads\/2026\/02\/reklame-insurance-logos.webp 2142w\" sizes=\"(max-width: 650px) 100vw, 1200px\" \/><\/span><\/div><\/div><\/div><\/div><\/div>\n<div class=\"fusion-fullwidth fullwidth-box fusion-builder-row-3 fusion-flex-container has-pattern-background has-mask-background nonhundred-percent-fullwidth non-hundred-percent-height-scrolling about-faq\" style=\"--awb-border-radius-top-left:0px;--awb-border-radius-top-right:0px;--awb-border-radius-bottom-right:0px;--awb-border-radius-bottom-left:0px;--awb-padding-top:1em;--awb-padding-bottom:1em;--awb-background-color:var(--awb-color3);--awb-flex-wrap:wrap;\" ><div class=\"fusion-builder-row fusion-row fusion-flex-align-items-flex-start fusion-flex-content-wrap\" style=\"max-width:1248px;margin-left: calc(-4% \/ 2 );margin-right: calc(-4% \/ 2 );\"><div class=\"fusion-layout-column fusion_builder_column fusion-builder-column-3 fusion_builder_column_1_1 1_1 fusion-flex-column\" style=\"--awb-bg-size:cover;--awb-width-large:100%;--awb-margin-top-large:0px;--awb-spacing-right-large:1.92%;--awb-margin-bottom-large:20px;--awb-spacing-left-large:1.92%;--awb-width-medium:100%;--awb-order-medium:0;--awb-spacing-right-medium:1.92%;--awb-spacing-left-medium:1.92%;--awb-width-small:100%;--awb-order-small:0;--awb-spacing-right-small:1.92%;--awb-spacing-left-small:1.92%;\"><div class=\"fusion-column-wrapper fusion-column-has-shadow fusion-flex-justify-content-flex-start fusion-content-layout-column\"><div class=\"fusion-title title fusion-title-3 fusion-sep-none fusion-title-center fusion-title-text fusion-title-size-two\" style=\"--awb-text-color:var(--awb-color7);\"><h2 class=\"fusion-title-heading title-heading-center fusion-responsive-typography-calculated\" style=\"margin:0;--fontSize:35;line-height:1.4;\">Lo que pagar\u00e1<\/h2><\/div><\/div><\/div><\/div><\/div><div class=\"fusion-fullwidth fullwidth-box fusion-builder-row-4 fusion-flex-container has-pattern-background has-mask-background fusion-parallax-none nonhundred-percent-fullwidth non-hundred-percent-height-scrolling reminder-cta-new\" style=\"--awb-background-position:left bottom;--awb-border-radius-top-left:0px;--awb-border-radius-top-right:0px;--awb-border-radius-bottom-right:0px;--awb-border-radius-bottom-left:0px;--awb-padding-top:3em;--awb-padding-bottom:3em;--awb-background-color:rgba(236,238,240,0.57);--awb-background-image:url(&quot;http:\/\/www.reklamehealth.com\/wp-content\/uploads\/2023\/06\/cta-background-mobile.svg&quot;);--awb-background-size:55vw;--awb-flex-wrap:wrap;\" ><div class=\"fusion-builder-row fusion-row fusion-flex-align-items-flex-start fusion-flex-justify-content-center fusion-flex-content-wrap\" style=\"max-width:1248px;margin-left: calc(-4% \/ 2 );margin-right: calc(-4% \/ 2 );\"><div class=\"fusion-layout-column fusion_builder_column fusion-builder-column-4 fusion_builder_column_1_3 1_3 fusion-flex-column fusion-flex-align-self-center\" style=\"--awb-bg-size:cover;--awb-width-large:33.333333333333%;--awb-margin-top-large:0px;--awb-spacing-right-large:5.76%;--awb-margin-bottom-large:20px;--awb-spacing-left-large:5.76%;--awb-width-medium:33.333333333333%;--awb-order-medium:0;--awb-spacing-right-medium:5.76%;--awb-spacing-left-medium:5.76%;--awb-width-small:100%;--awb-order-small:0;--awb-spacing-right-small:1.92%;--awb-spacing-left-small:1.92%;\" data-scroll-devices=\"small-visibility,medium-visibility,large-visibility\"><div class=\"fusion-column-wrapper fusion-column-has-shadow fusion-flex-justify-content-center fusion-content-layout-column\"><div class=\"fusion-image-element md-text-align-center sm-text-align-center\" style=\"text-align:left;--awb-caption-title-font-family:var(--h2_typography-font-family);--awb-caption-title-font-weight:var(--h2_typography-font-weight);--awb-caption-title-font-style:var(--h2_typography-font-style);--awb-caption-title-size:var(--h2_typography-font-size);--awb-caption-title-transform:var(--h2_typography-text-transform);--awb-caption-title-line-height:var(--h2_typography-line-height);--awb-caption-title-letter-spacing:var(--h2_typography-letter-spacing);\"><span class=\" fusion-imageframe imageframe-none imageframe-2 hover-type-none\" style=\"border-radius:50%;\"><img decoding=\"async\" width=\"646\" height=\"646\" title=\"psychiatric_care-2\" src=\"https:\/\/www.reklamehealth.com\/wp-content\/uploads\/2023\/06\/psychiatric_care-2.jpg\" alt class=\"img-responsive wp-image-3940 disable-lazyload\"\/><\/span><\/div><\/div><\/div><div class=\"fusion-layout-column fusion_builder_column fusion-builder-column-5 fusion_builder_column_2_3 2_3 fusion-flex-column fusion-flex-align-self-center\" style=\"--awb-bg-size:cover;--awb-width-large:66.666666666667%;--awb-margin-top-large:0px;--awb-spacing-right-large:2.88%;--awb-margin-bottom-large:20px;--awb-spacing-left-large:2.88%;--awb-width-medium:80%;--awb-order-medium:0;--awb-spacing-right-medium:2.4%;--awb-spacing-left-medium:2.4%;--awb-width-small:100%;--awb-order-small:0;--awb-spacing-right-small:1.92%;--awb-spacing-left-small:1.92%;\" data-scroll-devices=\"small-visibility,medium-visibility,large-visibility\"><div class=\"fusion-column-wrapper fusion-column-has-shadow fusion-flex-justify-content-center fusion-content-layout-column\"><div class=\"fusion-title title fusion-title-4 fusion-sep-none fusion-title-text fusion-title-size-three\" style=\"--awb-text-color:var(--awb-color7);--awb-margin-bottom:0px;--awb-font-size:40px;\"><h3 class=\"fusion-title-heading title-heading-left md-text-align-center sm-text-align-center fusion-responsive-typography-calculated\" style=\"margin:0;font-size:1em;--fontSize:40;line-height:1.3;\">Obtenga la atenci\u00f3n que se merece.<\/h3><\/div><div class=\"fusion-text fusion-text-2 md-text-align-center sm-text-align-center\" style=\"--awb-content-alignment:left;--awb-font-size:23px;--awb-text-color:var(--awb-color7);--awb-text-font-family:&quot;Sora&quot;;--awb-text-font-style:normal;--awb-text-font-weight:700;\"><p>Reklame controla su vida. P\u00f3ngase en contacto con un proveedor psiqui\u00e1trico autorizado para comenzar su camino hacia la salud.  <span style=\"font-weight: 400;\">Citas virtuales disponibles en 48 horas, y dentro de la red con la mayor\u00eda de los seguros. <\/span><\/p>\n<\/div><div class=\"md-text-align-center sm-text-align-center\" style=\"text-align:left;\"><a class=\"fusion-button button-flat fusion-button-default-size button-default fusion-button-default button-2 fusion-button-default-span fusion-button-default-type\" style=\"--button_margin-top:1em;--button_margin-bottom:3em;\" target=\"_self\" href=\"http:\/\/www.reklamehealth.com\/es\/solicitar-una-cita\/\"><span class=\"fusion-button-text awb-button__text awb-button__text--default\">Reservar ahora<\/span><\/a><\/div><\/div><\/div><\/div><\/div><\/p>\n","protected":false},"excerpt":{"rendered":"","protected":false},"author":1,"featured_media":0,"parent":0,"menu_order":0,"comment_status":"closed","ping_status":"closed","template":"100-width.php","meta":{"_acf_changed":false,"content-type":"","footnotes":""},"class_list":["post-4024","page","type-page","status-publish","hentry"],"acf":[],"aioseo_notices":[],"_links":{"self":[{"href":"https:\/\/www.reklamehealth.com\/es\/wp-json\/wp\/v2\/pages\/4024","targetHints":{"allow":["GET"]}}],"collection":[{"href":"https:\/\/www.reklamehealth.com\/es\/wp-json\/wp\/v2\/pages"}],"about":[{"href":"https:\/\/www.reklamehealth.com\/es\/wp-json\/wp\/v2\/types\/page"}],"author":[{"embeddable":true,"href":"https:\/\/www.reklamehealth.com\/es\/wp-json\/wp\/v2\/users\/1"}],"replies":[{"embeddable":true,"href":"https:\/\/www.reklamehealth.com\/es\/wp-json\/wp\/v2\/comments?post=4024"}],"version-history":[{"count":5,"href":"https:\/\/www.reklamehealth.com\/es\/wp-json\/wp\/v2\/pages\/4024\/revisions"}],"predecessor-version":[{"id":4034,"href":"https:\/\/www.reklamehealth.com\/es\/wp-json\/wp\/v2\/pages\/4024\/revisions\/4034"}],"wp:attachment":[{"href":"https:\/\/www.reklamehealth.com\/es\/wp-json\/wp\/v2\/media?parent=4024"}],"curies":[{"name":"wp","href":"https:\/\/api.w.org\/{rel}","templated":true}]}}