{"id":4061,"date":"2022-06-29T17:28:34","date_gmt":"2022-06-29T17:28:34","guid":{"rendered":"https:\/\/www.reklamehealth.com\/privacy-policy\/"},"modified":"2025-12-01T17:03:32","modified_gmt":"2025-12-01T17:03:32","slug":"privacy-policy","status":"publish","type":"page","link":"https:\/\/www.reklamehealth.com\/es\/privacy-policy\/","title":{"rendered":"Pol\u00edtica de privacidad"},"content":{"rendered":"<div class=\"fusion-fullwidth fullwidth-box fusion-builder-row-1 fusion-flex-container nonhundred-percent-fullwidth non-hundred-percent-height-scrolling\" style=\"--awb-border-radius-top-left:0px;--awb-border-radius-top-right:0px;--awb-border-radius-bottom-right:0px;--awb-border-radius-bottom-left:0px;--awb-margin-top:3em;--awb-margin-bottom:5em;--awb-flex-wrap:wrap;\" ><div class=\"fusion-builder-row fusion-row fusion-flex-align-items-flex-start fusion-flex-content-wrap\" style=\"max-width:1248px;margin-left: calc(-4% \/ 2 );margin-right: calc(-4% \/ 2 );\"><div class=\"fusion-layout-column fusion_builder_column fusion-builder-column-0 fusion_builder_column_1_1 1_1 fusion-flex-column\" style=\"--awb-bg-size:cover;--awb-width-large:100%;--awb-margin-top-large:0px;--awb-spacing-right-large:1.92%;--awb-margin-bottom-large:20px;--awb-spacing-left-large:1.92%;--awb-width-medium:100%;--awb-order-medium:0;--awb-spacing-right-medium:1.92%;--awb-spacing-left-medium:1.92%;--awb-width-small:100%;--awb-order-small:0;--awb-spacing-right-small:1.92%;--awb-spacing-left-small:1.92%;\"><div class=\"fusion-column-wrapper fusion-column-has-shadow fusion-flex-justify-content-flex-start fusion-content-layout-column\"><div class=\"fusion-text fusion-text-1\"><h2>Pol\u00edtica de privacidad<\/h2>\n<p><span style=\"font-weight: 400;\">En Reklame Health, LLC y Integrative Wellness Nurse Practitioner in Psychiatry, PLLC (\u201cReklame Health\u201d, \u201cnosotros\u201d, \u201cnuestro\u201d o \u201cnos\u201d), nos comprometemos a proteger su privacidad y a desarrollar tecnolog\u00eda que le brinde la experiencia en l\u00ednea m\u00e1s potente y segura. Esta Declaraci\u00f3n de Privacidad se aplica a nuestro sitio web, www.reklamehealth.com\/ (la \u201cPlataforma\u201d) y a nuestros servicios relacionados (junto con la Plataforma, los \u201cServicios\u201d) y rige la recopilaci\u00f3n y el uso de datos. Al utilizar los Servicios, usted acepta las pr\u00e1cticas de datos descritas en esta declaraci\u00f3n.  <\/span><\/p>\n<h4>Recopilaci\u00f3n de su informaci\u00f3n personal<\/h4>\n<p><span style=\"font-weight: 400;\">Recopilamos informaci\u00f3n personal, como su direcci\u00f3n de correo electr\u00f3nico, nombre, domicilio o direcci\u00f3n del trabajo o n\u00famero de tel\u00e9fono. Tambi\u00e9n recopilamos informaci\u00f3n demogr\u00e1fica an\u00f3nima, que no es exclusiva de usted, como su c\u00f3digo postal, edad, sexo, preferencias, intereses y favoritos. <\/span><\/p>\n<p><span style=\"font-weight: 400;\">Podemos recopilar, almacenar o procesar informaci\u00f3n cuando usted: <\/span><\/p>\n<ul>\n<li style=\"font-weight: 400;\" aria-level=\"1\"><span style=\"font-weight: 400;\">Env\u00eda un formulario en el Sitio;<\/span><\/li>\n<li style=\"font-weight: 400;\" aria-level=\"1\"><span style=\"font-weight: 400;\">Crea una cuenta en el Sitio;<\/span><\/li>\n<li style=\"font-weight: 400;\" aria-level=\"1\"><span style=\"font-weight: 400;\">Se pone en contacto con nosotros para realizar consultas, incluso por correo electr\u00f3nico;<\/span><\/li>\n<li style=\"font-weight: 400;\" aria-level=\"1\"><span style=\"font-weight: 400;\">Se registra para recibir comunicaciones; o <\/span><\/li>\n<li style=\"font-weight: 400;\" aria-level=\"1\"><span style=\"font-weight: 400;\">Proporciona informaci\u00f3n voluntariamente.<\/span><\/li>\n<\/ul>\n<p><span style=\"font-weight: 400;\">Los Servicios tambi\u00e9n pueden recopilar autom\u00e1ticamente detalles sobre el hardware y el software de su ordenador. Esta informaci\u00f3n puede incluir: su direcci\u00f3n IP, tipo de navegador, nombres de dominio, horas de acceso y direcciones de sitios web de referencia. Esta informaci\u00f3n se utiliza para el funcionamiento del servicio, para mantener la calidad del servicio y para proporcionar estad\u00edsticas generales sobre el uso de este Sitio. Algunas partes de nuestra Plataforma utilizan cookies y otras tecnolog\u00edas para recopilar esta informaci\u00f3n sobre su uso general de Internet. Consulte la secci\u00f3n siguiente denominada \u201cUso de cookies\u201d para obtener m\u00e1s informaci\u00f3n.     <\/span><\/p>\n<h4>Informaci\u00f3n m\u00e9dica protegida<\/h4>\n<p><span style=\"font-weight: 400;\">Al utilizar ciertos componentes de nuestros Servicios, puede proporcionar cierta Informaci\u00f3n M\u00e9dica Protegida (PHI, por sus siglas en ingl\u00e9s) tal como se define en la Ley de Portabilidad y Responsabilidad del Seguro M\u00e9dico de 1996 y sus reglamentos de aplicaci\u00f3n (\u201cHIPAA\u201d) y los registros de tratamiento de trastornos por uso de sustancias tal como se definen en el T\u00edtulo 42 del C\u00f3digo de Regulaciones Federales (\u201cCFR\u201d) Parte 2: Confidencialidad de los Registros de Pacientes con Trastornos por Uso de Sustancias (\u201c42 CFR Parte 2\u201d). Nuestro Aviso de Pr\u00e1cticas de Privacidad es un documento separado que rige c\u00f3mo su informaci\u00f3n m\u00e9dica puede ser utilizada y divulgada de acuerdo con HIPAA y 42 CFR Parte 2. Adem\u00e1s, cualquier informaci\u00f3n m\u00e9dica o de salud que usted proporcione que est\u00e9 sujeta a protecciones espec\u00edficas bajo las leyes estatales aplicables ser\u00e1 utilizada y divulgada solo de acuerdo con dicha ley aplicable.   <\/span><\/p>\n<h4>Uso de su informaci\u00f3n personal<\/h4>\n<p><span style=\"font-weight: 400;\">Recopilamos y utilizamos su informaci\u00f3n personal para operar la Plataforma y prestar los Servicios que ha solicitado. Tambi\u00e9n utilizamos su informaci\u00f3n personal para informarle sobre otros productos o servicios disponibles de nosotros y de nuestros afiliados. Tambi\u00e9n podemos ponernos en contacto con usted a trav\u00e9s de encuestas para realizar investigaciones sobre su opini\u00f3n sobre los servicios actuales o sobre posibles nuevos servicios que puedan ofrecerse. Tambi\u00e9n podemos utilizar su informaci\u00f3n para los siguientes fines:   <\/span><\/p>\n<ul>\n<li style=\"font-weight: 400;\" aria-level=\"1\"><span style=\"font-weight: 400;\">Para cumplir con cualquier prop\u00f3sito para el que la proporcione;<\/span><\/li>\n<li style=\"font-weight: 400;\" aria-level=\"1\"><span style=\"font-weight: 400;\">Para permitirle participar en cualquier funci\u00f3n interactiva de nuestros Servicios;<\/span><\/li>\n<li style=\"font-weight: 400;\" aria-level=\"1\"><span style=\"font-weight: 400;\">De cualquier otra forma que podamos describir cuando proporcione la informaci\u00f3n;<\/span><\/li>\n<li style=\"font-weight: 400;\" aria-level=\"1\"><span style=\"font-weight: 400;\">Para cualquier otro prop\u00f3sito con su consentimiento;<\/span><\/li>\n<li style=\"font-weight: 400;\" aria-level=\"1\"><span style=\"font-weight: 400;\">Para evaluar o llevar a cabo una fusi\u00f3n, desinversi\u00f3n, reestructuraci\u00f3n, reorganizaci\u00f3n, disoluci\u00f3n u otra venta o transferencia de algunos o todos nuestros activos, ya sea como empresa en funcionamiento o como parte de una quiebra, liquidaci\u00f3n o procedimiento similar, en el que la informaci\u00f3n personal que poseemos sobre los visitantes de nuestra Plataforma se encuentre entre los activos transferidos.<\/span><\/li>\n<\/ul>\n<h4>Divulgaci\u00f3n de su informaci\u00f3n personal<\/h4>\n<p><span style=\"font-weight: 400;\">No vendemos, alquilamos ni arrendamos sus listas de clientes a terceros. Podemos compartir datos con socios de confianza para que nos ayuden a reservar citas en l\u00ednea, realizar an\u00e1lisis estad\u00edsticos, enviarle correo electr\u00f3nico o correo postal, proporcionarle asistencia al cliente u organizar entregas. Se proh\u00edbe a todos estos terceros utilizar su informaci\u00f3n personal, excepto para prestar estos servicios, y est\u00e1n obligados a mantener la confidencialidad de su informaci\u00f3n.  <\/span><\/p>\n<p><span style=\"font-weight: 400;\">Tambi\u00e9n podemos divulgar su informaci\u00f3n personal de la siguiente manera: <\/span><\/p>\n<ul>\n<li style=\"font-weight: 400;\" aria-level=\"1\"><span style=\"font-weight: 400;\">Para cumplir con el prop\u00f3sito para el que la proporcione;<\/span><\/li>\n<li style=\"font-weight: 400;\" aria-level=\"1\"><span style=\"font-weight: 400;\">Para cualquier otro prop\u00f3sito divulgado por nosotros cuando usted proporcione la informaci\u00f3n;<\/span><\/li>\n<li style=\"font-weight: 400;\" aria-level=\"1\"><span style=\"font-weight: 400;\">Con su consentimiento;<\/span><\/li>\n<li style=\"font-weight: 400;\" aria-level=\"1\"><span style=\"font-weight: 400;\">A un comprador u otro sucesor en caso de una fusi\u00f3n, desinversi\u00f3n, reestructuraci\u00f3n, reorganizaci\u00f3n, disoluci\u00f3n u otra venta o transferencia de algunos o todos nuestros activos, ya sea como empresa en funcionamiento o como parte de una quiebra, liquidaci\u00f3n o procedimiento similar, en el que la informaci\u00f3n personal que poseemos sobre los usuarios del sitio web se encuentre entre los activos transferidos; <\/span><\/li>\n<li style=\"font-weight: 400;\" aria-level=\"1\"><span style=\"font-weight: 400;\">Para hacer cumplir cualquier acuerdo, incluidos los t\u00e9rminos de servicio aplicables;<\/span><\/li>\n<li style=\"font-weight: 400;\" aria-level=\"1\"><span style=\"font-weight: 400;\">Para establecer o ejercer nuestro derecho a defendernos contra reclamaciones legales; <\/span><\/li>\n<li style=\"font-weight: 400;\" aria-level=\"1\"><span style=\"font-weight: 400;\">A las fuerzas del orden y a otras autoridades gubernamentales, como legislaturas, tribunales, agencias y litigantes, si creemos razonablemente que dicha acci\u00f3n es necesaria para: (a) cumplir con la ley y las solicitudes razonables de las autoridades gubernamentales; (b) cumplir con el proceso legal; (c) responder a las solicitudes de las autoridades p\u00fablicas o gubernamentales, incluidas las autoridades p\u00fablicas o gubernamentales fuera de su pa\u00eds de residencia; (d) proteger la seguridad o la integridad de los sistemas de informaci\u00f3n de los Servicios; y\/o (e) ejercer o proteger nuestros derechos, privacidad, seguridad o los de los afiliados, clientes, usted u otros; y     <\/span><\/li>\n<li style=\"font-weight: 400;\" aria-level=\"1\"><span style=\"font-weight: 400;\">Si creemos razonablemente que la divulgaci\u00f3n es necesaria o apropiada para proteger los derechos, la propiedad o la seguridad de nosotros o de otros. <\/span><\/li>\n<\/ul>\n<p><span style=\"font-weight: 400;\">No utilizamos ni divulgamos informaci\u00f3n personal confidencial, como la raza, la religi\u00f3n o las afiliaciones pol\u00edticas, sin su consentimiento expl\u00edcito.<\/span><\/p>\n<h4>Uso de cookies<\/h4>\n<p><span style=\"font-weight: 400;\">Utilizamos cookies (peque\u00f1os archivos de texto almacenados en su navegador) y otras t\u00e9cnicas, como balizas web (peque\u00f1os archivos de imagen transparentes que se utilizan para seguir sus actividades en l\u00ednea) (\u201cTecnolog\u00edas de seguimiento\u201d). Las tecnolog\u00edas de seguimiento recopilan informaci\u00f3n que nos indica c\u00f3mo utiliza nuestro sitio, los productos relacionados con la web y los servicios. El uso de tecnolog\u00edas de seguimiento no nos da acceso al resto de su ordenador.  <\/span><\/p>\n<p><span style=\"font-weight: 400;\">Esto, a su vez, nos ayuda a que nuestros Servicios sean relevantes para sus intereses y necesidades. Utilizamos tanto tecnolog\u00edas de seguimiento de origen como tecnolog\u00edas de seguimiento de terceros.  <\/span><\/p>\n<p><span style=\"font-weight: 400;\">Puede optar por rechazar las cookies o configurar su navegador para que le avise cada vez que un sitio web intente establecer una cookie. Puede <\/span><a href=\"https:\/\/www.puregym.com\/cookies\/\"><span style=\"font-weight: 400;\">encontrar m\u00e1s informaci\u00f3n sobre las cookies<\/span><\/a><span style=\"font-weight: 400;\">, incluida informaci\u00f3n sobre c\u00f3mo desactivarlas.<\/span><\/p>\n<p><span style=\"font-weight: 400;\">Tenga en cuenta, sin embargo, que si desactiva nuestras cookies, es posible que no pueda acceder a determinados servicios o funciones de nuestro sitio. <\/span><\/p>\n<p><span style=\"font-weight: 400;\">Nuestra plataforma actualmente no responde a las se\u00f1ales de \u201cno realizar seguimiento\u201d o similares.<\/span><\/p>\n<h4>Seguridad de su informaci\u00f3n personal<\/h4>\n<p><span style=\"font-weight: 400;\">Protegemos su informaci\u00f3n personal del acceso, uso o divulgaci\u00f3n no autorizados. Protegemos la informaci\u00f3n personal que proporciona en servidores inform\u00e1ticos en un entorno controlado y seguro, protegido del acceso, uso o divulgaci\u00f3n no autorizados. Cuando la informaci\u00f3n personal (como un n\u00famero de tarjeta de cr\u00e9dito) se transmite a otros sitios web, se protege mediante el uso de cifrado, como el protocolo Secure Socket Layer (SSL). Sin embargo, ning\u00fan procedimiento de protecci\u00f3n de datos es totalmente infalible. Como resultado, aunque nos esforzamos por proteger su informaci\u00f3n personal, no podemos garantizar que sea 100% segura. Por lo tanto, la transmisi\u00f3n de su informaci\u00f3n a nuestra plataforma se realiza totalmente bajo su propio riesgo.     <\/span><\/p>\n<h4>Sitios web de terceros<\/h4>\n<p><span style=\"font-weight: 400;\">Nuestra plataforma puede contener enlaces a otros sitios, incluidos los de terceros o socios. Si bien tratamos de enlazar solo a sitios que comparten nuestros altos est\u00e1ndares y respeto por la privacidad, no podemos ser responsables de las pr\u00e1cticas de privacidad utilizadas por otros sitios web. Al acceder a otros sitios web o aplicaciones de terceros a trav\u00e9s de nuestro sitio, usted est\u00e1 dando su consentimiento a los t\u00e9rminos y pol\u00edticas de privacidad de esos sitios web. Es posible que otras partes recopilen informaci\u00f3n personal sobre sus actividades en l\u00ednea a lo largo del tiempo y en diferentes sitios web cuando utilice nuestro sitio.    <\/span><\/p>\n<p><span style=\"font-weight: 400;\">Le recomendamos que revise las declaraciones de privacidad de los sitios web que elija enlazar desde la Plataforma para que pueda comprender c\u00f3mo esos sitios web recopilan, utilizan y comparten su informaci\u00f3n. No somos responsables de las declaraciones de privacidad ni de ning\u00fan otro contenido de ning\u00fan otro sitio web. <\/span><\/p>\n<h4>Visitantes internacionales<\/h4>\n<p><span style=\"font-weight: 400;\">Nuestra plataforma est\u00e1 alojada y operada en los Estados Unidos (\u201cEE. UU.\u201d) y en otras partes del mundo. Al utilizar este sitio, usted est\u00e1 dando su consentimiento a la transferencia de su informaci\u00f3n personal a los EE. UU. Si est\u00e1 accediendo a nuestros sitios desde fuera de los EE. UU., tenga en cuenta que la ley de los EE. UU. puede no ofrecer las mismas protecciones de privacidad que la ley de su jurisdicci\u00f3n.   <\/span><\/p>\n<h4>Visitantes de California<\/h4>\n<p><span style=\"font-weight: 400;\">La ley \u201cShine the Light\u201d de California (C\u00f3digo Civil Secci\u00f3n \u00a7 1798.83) permite a los usuarios de nuestro sitio web que son residentes de California solicitar cierta informaci\u00f3n sobre nuestra divulgaci\u00f3n de informaci\u00f3n personal a terceros para sus fines de marketing directo. Para realizar dicha solicitud, env\u00ede un correo electr\u00f3nico a [<\/span><span style=\"font-weight: 400;\">EMAIL].<\/span><b> <\/b><\/p>\n<h4>Revisi\u00f3n y correcci\u00f3n de su informaci\u00f3n<\/h4>\n<p><span style=\"font-weight: 400;\">Puede revisar y editar la informaci\u00f3n que hemos recopilado sobre usted en cualquier momento poni\u00e9ndose en contacto con nosotros en las direcciones que se indican al final de esta pol\u00edtica de privacidad. Si su informaci\u00f3n se ha compartido con un tercero, como se describe en otra parte de esta Pol\u00edtica de privacidad, entonces ese tercero ha recibido su propia copia de sus datos. Si ha sido contactado por uno de estos terceros y desea corregir o eliminar su informaci\u00f3n, p\u00f3ngase en contacto con ellos directamente.  <\/span><\/p>\n<h4>Cambios en esta declaraci\u00f3n<\/h4>\n<p><span style=\"font-weight: 400;\">Ocasionalmente actualizaremos esta Declaraci\u00f3n de Privacidad para reflejar los comentarios de la empresa y de los clientes. Le recomendamos que revise peri\u00f3dicamente esta Declaraci\u00f3n para estar informado de c\u00f3mo estamos protegiendo su informaci\u00f3n. <\/span><\/p>\n<h4>Informaci\u00f3n de contacto<\/h4>\n<p><span style=\"font-weight: 400;\">P\u00f3ngase en contacto con nosotros por tel\u00e9fono al <a href=\"tel:17187904511\">718-790-4511<\/a> o por correo postal al 157 East 86<\/span><span style=\"font-weight: 400;\">th<\/span><span style=\"font-weight: 400;\"> Street, Suite 5, New York, NY 10028.<\/span><\/p>\n<\/div>\n<p>\u00daltima actualizaci\u00f3n:<\/p>\n<p><script>document.write(document.lastModified)<\/script><\/div><\/div><\/div><\/div>\n","protected":false},"excerpt":{"rendered":"","protected":false},"author":1,"featured_media":0,"parent":0,"menu_order":0,"comment_status":"closed","ping_status":"closed","template":"","meta":{"_acf_changed":false,"content-type":"","footnotes":""},"class_list":["post-4061","page","type-page","status-publish","hentry"],"acf":[],"aioseo_notices":[],"_links":{"self":[{"href":"https:\/\/www.reklamehealth.com\/es\/wp-json\/wp\/v2\/pages\/4061","targetHints":{"allow":["GET"]}}],"collection":[{"href":"https:\/\/www.reklamehealth.com\/es\/wp-json\/wp\/v2\/pages"}],"about":[{"href":"https:\/\/www.reklamehealth.com\/es\/wp-json\/wp\/v2\/types\/page"}],"author":[{"embeddable":true,"href":"https:\/\/www.reklamehealth.com\/es\/wp-json\/wp\/v2\/users\/1"}],"replies":[{"embeddable":true,"href":"https:\/\/www.reklamehealth.com\/es\/wp-json\/wp\/v2\/comments?post=4061"}],"version-history":[{"count":0,"href":"https:\/\/www.reklamehealth.com\/es\/wp-json\/wp\/v2\/pages\/4061\/revisions"}],"wp:attachment":[{"href":"https:\/\/www.reklamehealth.com\/es\/wp-json\/wp\/v2\/media?parent=4061"}],"curies":[{"name":"wp","href":"https:\/\/api.w.org\/{rel}","templated":true}]}}